{"id":194,"date":"2017-01-11T12:56:59","date_gmt":"2017-01-11T12:56:59","guid":{"rendered":"http:\/\/pretadvance.com\/?page_id=194"},"modified":"2023-02-06T19:40:31","modified_gmt":"2023-02-07T00:40:31","slug":"loan-application","status":"publish","type":"page","link":"https:\/\/pretadvance.com\/fr\/demande-de-pret\/","title":{"rendered":"Demande de financement"},"content":{"rendered":"<div class=\"wpb-content-wrapper\"><div data-vc-full-width=\"true\" data-vc-full-width-temp=\"true\" data-vc-full-width-init=\"false\" class=\"vc_row wpb_row vc_row-fluid vc_custom_1486467987027 vc_row-has-fill\"><div class=\"wpb_column vc_column_container vc_col-sm-12 sc_layouts_column_icons_position_left\"><div class=\"vc_column-inner\"><div class=\"wpb_wrapper\"><div class=\"vc_empty_space\"   style=\"height: 1em\"><span class=\"vc_empty_space_inner\"><\/span><\/div><h1 style=\"text-align: left\" class=\"vc_custom_heading vc_do_custom_heading translation-block\" ><b>Votre<\/b> demande de pr\u00eat<\/h1><div class=\"vc_empty_space\"   style=\"height: 2em\"><span class=\"vc_empty_space_inner\"><\/span><\/div><div id=\"sc_content_18329794\"\n\t\tclass=\"sc_content sc_content_default sc_float_left sc_content_width_3_4\"><div class=\"sc_content_container\"><div class=\"wpcf7 no-js\" id=\"wpcf7-f4-o1\" lang=\"en-US\" dir=\"ltr\" data-wpcf7-id=\"4\">\n<div class=\"screen-reader-response\"><p role=\"status\" aria-live=\"polite\" aria-atomic=\"true\"><\/p> <ul><\/ul><\/div>\n<form action=\"\/fr\/wp-json\/wp\/v2\/pages\/194#wpcf7-f4-o1\" method=\"post\" class=\"wpcf7-form init\" aria-label=\"Contact form\" novalidate=\"novalidate\" data-status=\"init\" data-trp-original-action=\"\/fr\/wp-json\/wp\/v2\/pages\/194#wpcf7-f4-o1\">\n<fieldset class=\"hidden-fields-container\"><input type=\"hidden\" name=\"_wpcf7\" value=\"4\" \/><input type=\"hidden\" name=\"_wpcf7_version\" value=\"6.1\" \/><input type=\"hidden\" name=\"_wpcf7_locale\" value=\"en_US\" \/><input type=\"hidden\" name=\"_wpcf7_unit_tag\" value=\"wpcf7-f4-o1\" \/><input type=\"hidden\" name=\"_wpcf7_container_post\" value=\"0\" \/><input type=\"hidden\" name=\"_wpcf7_posted_data_hash\" value=\"\" \/><input type=\"hidden\" name=\"_uacf7_hidden_conditional_fields\" value=\"\" \/>\n<\/fieldset>\n<div class=\"uacf7-form-4\"><div class=\"form_block1\">\n<p class=\"descriptions_form\">Nous sommes l\u00e0 pour vous aider \u00e0 acc\u00e9der aux fonds dont vous avez besoin pour atteindre vos objectifs financiers. Notre formulaire simple et s\u00e9curis\u00e9 est con\u00e7u pour rendre le processus de demande de pr\u00eat rapide et facile. En nous fournissant quelques informations de base, nous serons en mesure de d\u00e9terminer votre admissibilit\u00e9 et de vous proposer une offre de pr\u00eat adapt\u00e9e \u00e0 vos besoins.<\/p>\n\n\n\n<label>Combien avez-vous besoin? (1 000 $ - 75 000 $)<\/label>\n<div class=\"uacf7_range_slider-726\">\t\t\t<span class=\"uacf7_range_slider-726-value uacf7-value\">1000<\/span>\n\t\t\t<span class=\"wpcf7-form-control-wrap uacf7-slidecontainer uacf7-slider-handle\"\n\t\t\t\tdata-separator=\"-\" data-handle=\"1\"\n\t\t\t\tdata-min=\"1000\" data-max=\"75000\"\n\t\t\t\tdata-default=\"1000\">\n\t\t\t\t<input name=\"uacf7_range_slider-726\" type=\"range\" min=\"1000\"\n\t\t\t\t\tmax=\"75000\" step=\"1000\"\n\t\t\t\t\tvalue=\"1000\" class=\"uacf7-slider uacf7-range\">\n\t\t\t<\/span>\n\t\t\t<span>\n\t\t\t\t\t\t\t<\/span>\n\t\t\t<\/div>\n\t\t\t\n<br><br>\n\n<span class=\"wpcf7-form-control-wrap\" data-name=\"loan-type\"><select class=\"wpcf7-form-control wpcf7-select wpcf7-validates-as-required\" aria-required=\"true\" aria-invalid=\"false\" name=\"loan-type\"><option value=\"Loan Type\">Type de pr\u00eat<\/option><option value=\"Personal loan\">Pr\u00eat personnel<\/option><option value=\"Business loan\">Pr\u00eat pour entreprise<\/option><\/select><\/span>\n<br>\n<div class=\"uacf7_conditional conditional-800\">\n   <span class=\"wpcf7-form-control-wrap\" data-name=\"company\"><input size=\"40\" maxlength=\"400\" class=\"wpcf7-form-control wpcf7-text\" aria-invalid=\"false\" placeholder=\"Le nom de votre soci\u00e9t\u00e9\" value=\"\" type=\"text\" name=\"company\" \/><\/span> <\/label><br><br>\n<\/div>\n\n   <span class=\"wpcf7-form-control-wrap\" data-name=\"your-name\"><input size=\"40\" maxlength=\"400\" class=\"wpcf7-form-control wpcf7-text wpcf7-validates-as-required\" aria-required=\"true\" aria-invalid=\"false\" placeholder=\"Votre nom complet\" value=\"\" type=\"text\" name=\"your-name\" \/><\/span> <\/label><br><br>\n   <span class=\"wpcf7-form-control-wrap\" data-name=\"your-phone\"><input size=\"40\" maxlength=\"400\" class=\"wpcf7-form-control wpcf7-tel wpcf7-validates-as-required wpcf7-text wpcf7-validates-as-tel\" aria-required=\"true\" aria-invalid=\"false\" placeholder=\"Votre t\u00e9l\u00e9phone\" value=\"\" type=\"tel\" name=\"your-phone\" \/><\/span> <\/label><br><br>\n   <span class=\"wpcf7-form-control-wrap\" data-name=\"your-email\"><input size=\"40\" maxlength=\"400\" class=\"wpcf7-form-control wpcf7-email wpcf7-validates-as-required wpcf7-text wpcf7-validates-as-email\" aria-required=\"true\" aria-invalid=\"false\" placeholder=\"Votre courriel\" value=\"\" type=\"email\" name=\"your-email\" \/><\/span> <\/label><br><br>\n\n<div class=\"wpcf7-response-output\" aria-hidden=\"true\"><\/div>\n<div class=\"button_wrap\">\n<div class=\"column_1_2\">\n\n<input class=\"wpcf7-form-control wpcf7-submit has-spinner\" type=\"submit\" value=\"Soumettre\" \/>\n<\/div>\n<\/div>\n\n\n\n\n<\/div><\/div>\n<input type=\"hidden\" name=\"trp-form-language\" value=\"fr\"\/><\/form>\n<\/div><\/div><\/div><!-- \/.sc_content --><div class=\"vc_empty_space  height_huge\"   style=\"height: 32px\"><span class=\"vc_empty_space_inner\"><\/span><\/div><div class=\"vc_empty_space\"   style=\"height: 2em\"><span class=\"vc_empty_space_inner\"><\/span><\/div><\/div><\/div><\/div><\/div><div class=\"vc_row-full-width vc_clearfix\"><\/div>\n<\/div>","protected":false},"excerpt":{"rendered":"Your Loan Application We're here to help you access the funds you need to reach your financial goals. Our simple and secure form is designed to make the loan application process quick and easy. By providing us with some basic information, we'll be able to&hellip;","protected":false},"author":1,"featured_media":0,"parent":0,"menu_order":0,"comment_status":"closed","ping_status":"closed","template":"","meta":{"_monsterinsights_skip_tracking":false,"_monsterinsights_sitenote_active":false,"_monsterinsights_sitenote_note":"","_monsterinsights_sitenote_category":0,"footnotes":""},"class_list":["post-194","page","type-page","status-publish","hentry"],"aioseo_notices":[],"_links":{"self":[{"href":"https:\/\/pretadvance.com\/fr\/wp-json\/wp\/v2\/pages\/194","targetHints":{"allow":["GET"]}}],"collection":[{"href":"https:\/\/pretadvance.com\/fr\/wp-json\/wp\/v2\/pages"}],"about":[{"href":"https:\/\/pretadvance.com\/fr\/wp-json\/wp\/v2\/types\/page"}],"author":[{"embeddable":true,"href":"https:\/\/pretadvance.com\/fr\/wp-json\/wp\/v2\/users\/1"}],"replies":[{"embeddable":true,"href":"https:\/\/pretadvance.com\/fr\/wp-json\/wp\/v2\/comments?post=194"}],"version-history":[{"count":0,"href":"https:\/\/pretadvance.com\/fr\/wp-json\/wp\/v2\/pages\/194\/revisions"}],"wp:attachment":[{"href":"https:\/\/pretadvance.com\/fr\/wp-json\/wp\/v2\/media?parent=194"}],"curies":[{"name":"wp","href":"https:\/\/api.w.org\/{rel}","templated":true}]}}