{"id":234,"date":"2017-01-12T12:49:16","date_gmt":"2017-01-12T12:49:16","guid":{"rendered":"http:\/\/pretadvance.com\/?page_id=234"},"modified":"2023-12-04T10:58:37","modified_gmt":"2023-12-04T15:58:37","slug":"personal-loan","status":"publish","type":"page","link":"https:\/\/pretadvance.com\/fr\/pret-personnel\/","title":{"rendered":"Pr\u00eat personnel"},"content":{"rendered":"<div class=\"wpb-content-wrapper\"><div class=\"vc_row wpb_row vc_row-fluid\"><div class=\"wpb_column vc_column_container vc_col-sm-12 sc_layouts_column_icons_position_left\"><div class=\"vc_column-inner\"><div class=\"wpb_wrapper\"><div class=\"vc_empty_space  height_big hide_on_mobile\"   style=\"height: 32px\"><span class=\"vc_empty_space_inner\"><\/span><\/div><div class=\"vc_empty_space\"   style=\"height: 4.1em\"><span class=\"vc_empty_space_inner\"><\/span><\/div><\/div><\/div><\/div><\/div><div class=\"vc_row wpb_row vc_row-fluid mobile_bg_off vc_custom_1669080161291 vc_row-has-fill\"><div class=\"wpb_column vc_column_container vc_col-sm-12 sc_layouts_column_icons_position_left\"><div class=\"vc_column-inner\"><div class=\"wpb_wrapper\"><div class=\"vc_row wpb_row vc_inner vc_row-fluid\"><div class=\"wpb_column vc_column_container vc_col-sm-4 sc_layouts_column_icons_position_left\"><div class=\"vc_column-inner\"><div class=\"wpb_wrapper\">\n\t<div  class=\"wpb_single_image wpb_content_element vc_align_center wpb_content_element\">\n\t\t\n\t\t<figure class=\"wpb_wrapper vc_figure\">\n\t\t\t<div class=\"vc_single_image-wrapper   vc_box_border_grey\"><img loading=\"lazy\" decoding=\"async\" width=\"370\" height=\"552\" src=\"https:\/\/pretadvance.com\/wp-content\/uploads\/2017\/01\/img_abt2.jpg\" class=\"vc_single_image-img attachment-full\" alt=\"\" title=\"img_abt2\" srcset=\"https:\/\/pretadvance.com\/wp-content\/uploads\/2017\/01\/img_abt2.jpg 370w, https:\/\/pretadvance.com\/wp-content\/uploads\/2017\/01\/img_abt2-201x300.jpg 201w\" sizes=\"auto, (max-width: 370px) 100vw, 370px\" \/><\/div>\n\t\t<\/figure>\n\t<\/div>\n<\/div><\/div><\/div><div class=\"remove_margin_mobile wpb_column vc_column_container vc_col-sm-8 sc_layouts_column_icons_position_left\"><div class=\"vc_column-inner vc_custom_1486051029573\"><div class=\"wpb_wrapper\"><div class=\"vc_empty_space\"   style=\"height: 1.45em\"><span class=\"vc_empty_space_inner\"><\/span><\/div><h6 style=\"font-size: 12px;color: #f20000;line-height: 0.8em;text-align: left\" class=\"vc_custom_heading vc_do_custom_heading vc_custom_1486050250522\" >Un pr\u00eat plus intelligent<\/h6><div class=\"vc_empty_space\"   style=\"height: 2.15em\"><span class=\"vc_empty_space_inner\"><\/span><\/div><h1 style=\"text-align: left\" class=\"vc_custom_heading vc_do_custom_heading vc_custom_1669063666399\" >Le <b><b>pr\u00eat personnel<\/b><\/b><\/h1><div class=\"vc_empty_space\"   style=\"height: 0.3em\"><span class=\"vc_empty_space_inner\"><\/span><\/div><h1 style=\"text-align: left\" class=\"vc_custom_heading vc_do_custom_heading vc_custom_1486380910594\" >est-il fait pour vous ?<\/h1><div class=\"vc_empty_space\"   style=\"height: 2.75em\"><span class=\"vc_empty_space_inner\"><\/span><\/div>\n\t<div class=\"wpb_text_column wpb_content_element\" >\n\t\t<div class=\"wpb_wrapper\">\n\t\t\t<p>Avez-vous besoin de fonds suppl\u00e9mentaires pour couvrir des d\u00e9penses impr\u00e9vues ou r\u00e9aliser vos r\u00eaves ? Cherchez pas plus loin! Nous proposons une solution rapide, simple et s\u00e9curis\u00e9e pour obtenir le soutien financier dont vous avez besoin. Avec des taux d'int\u00e9r\u00eat comp\u00e9titifs et des options de remboursement flexibles, nous simplifions la demande de pr\u00eat et recevons vos fonds rapidement. Notre engagement envers votre bien-\u00eatre financier et votre confidentialit\u00e9 est notre priorit\u00e9 absolue. Postulez maintenant et voyez comment nous pouvons vous aider \u00e0 atteindre vos objectifs avec un pr\u00eat personnel.<\/p>\n\n\t\t<\/div>\n\t<\/div>\n<div class=\"vc_empty_space\"   style=\"height: 2em\"><span class=\"vc_empty_space_inner\"><\/span><\/div>\n\t<div class=\"wpb_text_column wpb_content_element\" >\n\t\t<div class=\"wpb_wrapper\">\n\t\t\t\n\t\t<\/div>\n\t<\/div>\n<div class=\"vc_empty_space  hide_on_mobile\"   style=\"height: 2em\"><span class=\"vc_empty_space_inner\"><\/span><\/div><div class=\"vc_empty_space\"   style=\"height: 1.5em\"><span class=\"vc_empty_space_inner\"><\/span><\/div><div class=\"sc_item_button sc_button_wrap\"><a href=\"https:\/\/pretadvance.com\/fr\/demande-de-pret\/\" id=\"sc_button_657916407\" class=\"sc_button sc_button_default sc_button_size_normal sc_button_icon_left\"><span class=\"sc_button_text\"><span class=\"sc_button_title\">Demande en ligne<\/span><\/span><!-- \/.sc_button_text --><\/a><!-- \/.sc_button --><\/div><!-- \/.sc_item_button --><div class=\"vc_empty_space\"   style=\"height: 3.2em\"><span class=\"vc_empty_space_inner\"><\/span><\/div><\/div><\/div><\/div><\/div><\/div><\/div><\/div><\/div><div class=\"vc_row wpb_row vc_row-fluid\"><div class=\"wpb_column vc_column_container vc_col-sm-12 sc_layouts_column_icons_position_left\"><div class=\"vc_column-inner\"><div class=\"wpb_wrapper\"><div class=\"vc_empty_space  height_big hide_on_mobile\"   style=\"height: 2em\"><span class=\"vc_empty_space_inner\"><\/span><\/div><div class=\"vc_empty_space\"   style=\"height: 3.2em\"><span class=\"vc_empty_space_inner\"><\/span><\/div><h1 style=\"text-align: left\" class=\"vc_custom_heading vc_do_custom_heading vc_custom_1675645061274 translation-block\" >Vous \u00eates <b>pr\u00e9-approuv\u00e9<\/b> si<\/h1><div class=\"vc_empty_space\"   style=\"height: 2.8em\"><span class=\"vc_empty_space_inner\"><\/span><\/div><\/div><\/div><\/div><\/div><div class=\"vc_row wpb_row vc_row-fluid mobile_bg_off vc_custom_1669080170653 vc_row-has-fill\"><div class=\"wpb_column vc_column_container vc_col-sm-6 sc_layouts_column_icons_position_left\"><div class=\"vc_column-inner\"><div class=\"wpb_wrapper\">\n\t<div class=\"wpb_text_column wpb_content_element vc_custom_1675644524588 list_margin_off_mobile\" >\n\t\t<div class=\"wpb_wrapper\">\n\t\t\t<ul class=\"trx_addons_list trx_addons_list_success\">\n<li>Vous avez le m\u00eame emploi depuis 3 mois ou plus<\/li>\n<li>Vous gagnez 300 $ ou plus par semaine<\/li>\n<li>Vous avez un num\u00e9ro de t\u00e9l\u00e9phone fonctionnel<\/li>\n<\/ul>\n\n\t\t<\/div>\n\t<\/div>\n<div class=\"vc_empty_space  height_big hide_on_mobile\"   style=\"height: 32px\"><span class=\"vc_empty_space_inner\"><\/span><\/div><div class=\"vc_empty_space\"   style=\"height: 2.85em\"><span class=\"vc_empty_space_inner\"><\/span><\/div><\/div><\/div><\/div><div class=\"wpb_column vc_column_container vc_col-sm-6 sc_layouts_column_icons_position_left\"><div class=\"vc_column-inner\"><div class=\"wpb_wrapper\">\n\t<div class=\"wpb_text_column wpb_content_element vc_custom_1701705502833 list_margin_off_mobile\" >\n\t\t<div class=\"wpb_wrapper\">\n\t\t\t<ul class=\"trx_addons_list trx_addons_list_success\">\n<li>Vous avez 18 ans ou plus<\/li>\n<li>Votre cote de cr\u00e9dit n'a pas d'importance !<\/li>\n<\/ul>\n\n\t\t<\/div>\n\t<\/div>\n<div class=\"vc_empty_space  height_big hide_on_mobile\"   style=\"height: 32px\"><span class=\"vc_empty_space_inner\"><\/span><\/div><div class=\"vc_empty_space\"   style=\"height: 2.85em\"><span class=\"vc_empty_space_inner\"><\/span><\/div><\/div><\/div><\/div><\/div><div data-vc-full-width=\"true\" data-vc-full-width-temp=\"true\" data-vc-full-width-init=\"false\" class=\"vc_row wpb_row vc_row-fluid vc_custom_1486379110624 vc_row-has-fill\"><div class=\"wpb_column vc_column_container vc_col-sm-8 sc_layouts_column_icons_position_left\"><div class=\"vc_column-inner\"><div class=\"wpb_wrapper\"><div class=\"vc_empty_space  height_big hide_on_mobile\"   style=\"height: 2em\"><span class=\"vc_empty_space_inner\"><\/span><\/div><div class=\"vc_empty_space\"   style=\"height: 3.35em\"><span class=\"vc_empty_space_inner\"><\/span><\/div><h2 style=\"font-size: 65px;color: #ffffff;line-height: 1.1em;text-align: left\" class=\"vc_custom_heading vc_do_custom_heading vc_custom_1486379421261\" >Pr\u00eat \u00e0 commencer ?<\/h2><div class=\"vc_empty_space  height_medium hide_on_mobile\"   style=\"height: 2em\"><span class=\"vc_empty_space_inner\"><\/span><\/div><div class=\"vc_empty_space\"   style=\"height: 0.7em\"><span class=\"vc_empty_space_inner\"><\/span><\/div>\n\t<div class=\"wpb_text_column wpb_content_element scheme_dark\" >\n\t\t<div class=\"wpb_wrapper\">\n\t\t\t<p><big>Ne laissez pas les contraintes financi\u00e8res vous emp\u00eacher d'atteindre vos objectifs. Faites une demande de pr\u00eat maintenant et faites le premier pas vers un avenir financier meilleur.<\/big><\/p>\n\n\t\t<\/div>\n\t<\/div>\n<div class=\"vc_empty_space\"   style=\"height: 0.9em\"><span class=\"vc_empty_space_inner\"><\/span><\/div><div class=\"sc_item_button sc_button_wrap\"><a href=\"https:\/\/pretadvance.com\/fr\/demande-de-pret\/\" id=\"sc_button_1566121396\" class=\"sc_button sc_button_default3 sc_button_size_normal sc_button_icon_left\"><span class=\"sc_button_text\"><span class=\"sc_button_title\">Appliquer maintenant<\/span><\/span><!-- \/.sc_button_text --><\/a><!-- \/.sc_button --><\/div><!-- \/.sc_item_button --><div class=\"vc_empty_space  height_large hide_on_mobile\"   style=\"height: 2em\"><span class=\"vc_empty_space_inner\"><\/span><\/div><div class=\"vc_empty_space\"   style=\"height: 1.7em\"><span class=\"vc_empty_space_inner\"><\/span><\/div><\/div><\/div><\/div><div class=\"wpb_column vc_column_container vc_col-sm-4 sc_layouts_column_icons_position_left\"><div class=\"vc_column-inner\"><div class=\"wpb_wrapper\"><\/div><\/div><\/div><\/div><div class=\"vc_row-full-width vc_clearfix\"><\/div>\n<\/div>","protected":false},"excerpt":{"rendered":"A smarter loanIs a Personal LoanRight For You? Are you in need of extra funds to cover unexpected expenses or fulfill your dreams? Look no further! We offer\u00a0a fast, easy and secure solution to get the financial support you need. With competitive interest rates and&hellip;","protected":false},"author":1,"featured_media":0,"parent":0,"menu_order":0,"comment_status":"closed","ping_status":"closed","template":"","meta":{"_monsterinsights_skip_tracking":false,"_monsterinsights_sitenote_active":false,"_monsterinsights_sitenote_note":"","_monsterinsights_sitenote_category":0,"footnotes":""},"class_list":["post-234","page","type-page","status-publish","hentry"],"aioseo_notices":[],"_links":{"self":[{"href":"https:\/\/pretadvance.com\/fr\/wp-json\/wp\/v2\/pages\/234","targetHints":{"allow":["GET"]}}],"collection":[{"href":"https:\/\/pretadvance.com\/fr\/wp-json\/wp\/v2\/pages"}],"about":[{"href":"https:\/\/pretadvance.com\/fr\/wp-json\/wp\/v2\/types\/page"}],"author":[{"embeddable":true,"href":"https:\/\/pretadvance.com\/fr\/wp-json\/wp\/v2\/users\/1"}],"replies":[{"embeddable":true,"href":"https:\/\/pretadvance.com\/fr\/wp-json\/wp\/v2\/comments?post=234"}],"version-history":[{"count":0,"href":"https:\/\/pretadvance.com\/fr\/wp-json\/wp\/v2\/pages\/234\/revisions"}],"wp:attachment":[{"href":"https:\/\/pretadvance.com\/fr\/wp-json\/wp\/v2\/media?parent=234"}],"curies":[{"name":"wp","href":"https:\/\/api.w.org\/{rel}","templated":true}]}}