{"id":261,"date":"2017-01-12T13:38:24","date_gmt":"2017-01-12T13:38:24","guid":{"rendered":"http:\/\/pretadvance.com\/?page_id=261"},"modified":"2024-09-09T12:20:47","modified_gmt":"2024-09-09T17:20:47","slug":"business-loan","status":"publish","type":"page","link":"https:\/\/pretadvance.com\/fr\/pret-pour-entreprise\/","title":{"rendered":"Pr\u00eat pour entreprise"},"content":{"rendered":"<div class=\"wpb-content-wrapper\"><div class=\"vc_row wpb_row vc_row-fluid\"><div class=\"wpb_column vc_column_container vc_col-sm-12 sc_layouts_column_icons_position_left\"><div class=\"vc_column-inner\"><div class=\"wpb_wrapper\"><div class=\"vc_empty_space  height_tiny hide_on_mobile\"   style=\"height: 32px\"><span class=\"vc_empty_space_inner\"><\/span><\/div><div class=\"vc_empty_space\"   style=\"height: 0.35em\"><span class=\"vc_empty_space_inner\"><\/span><\/div><\/div><\/div><\/div><\/div><div class=\"vc_row wpb_row vc_row-fluid\"><div class=\"remove_margin_mobile wpb_column vc_column_container vc_col-sm-8 sc_layouts_column_icons_position_left\"><div class=\"vc_column-inner vc_custom_1486030015283\"><div class=\"wpb_wrapper\"><div class=\"vc_empty_space\"   style=\"height: 1.5em\"><span class=\"vc_empty_space_inner\"><\/span><\/div><h6 style=\"font-size: 12px;color: #f20000;line-height: 0.8em;text-align: left\" class=\"vc_custom_heading vc_do_custom_heading vc_custom_1669075648188\" >Pr\u00eat pour entreprise<\/h6><div class=\"vc_empty_space\"   style=\"height: 2.15em\"><span class=\"vc_empty_space_inner\"><\/span><\/div><h1 style=\"text-align: left\" class=\"vc_custom_heading vc_do_custom_heading vc_custom_1486380658628 translation-block\" ><b>Pr\u00eats<\/b> aux petites entreprises,<\/h1><h1 style=\"text-align: left\" class=\"vc_custom_heading vc_do_custom_heading vc_custom_1486380668851\" >pour de la flexibilit\u00e9 quotidienne<\/h1><div class=\"vc_empty_space\"   style=\"height: 2.75em\"><span class=\"vc_empty_space_inner\"><\/span><\/div>\n\t<div class=\"wpb_text_column wpb_content_element\" >\n\t\t<div class=\"wpb_wrapper\">\n\t\t\t<p>Diriger une entreprise n\u00e9cessite du financement et de la croissance, mais trouver le bon pr\u00eat peut \u00eatre difficile. C'est l\u00e0 que nous intervenons. Pret Advance se consacre \u00e0 fournir les solutions de financement dont vous avez besoin pour faire passer votre entreprise au niveau sup\u00e9rieur. Avec des processus de demande simples et rapides, des conditions de remboursement flexibles et des taux d'int\u00e9r\u00eat comp\u00e9titifs, nous vous simplifions l'acc\u00e8s aux fonds dont votre entreprise a besoin pour r\u00e9ussir. Que vous cherchiez \u00e0 vous agrandir, \u00e0 moderniser votre \u00e9quipement ou simplement \u00e0 avoir un filet de s\u00e9curit\u00e9, nous avons les solutions dont vous avez besoin. Postulez maintenant et laissez-nous vous aider \u00e0 atteindre vos objectifs commerciaux !<\/p>\n\n\t\t<\/div>\n\t<\/div>\n<div class=\"vc_empty_space  hide_on_mobile\"   style=\"height: 1.5em\"><span class=\"vc_empty_space_inner\"><\/span><\/div><div class=\"vc_empty_space\"   style=\"height: 2em\"><span class=\"vc_empty_space_inner\"><\/span><\/div><div class=\"sc_item_button sc_button_wrap\"><a href=\"https:\/\/pretadvance.com\/fr\/demande-de-pret\/\" id=\"sc_button_1774675175\" class=\"sc_button sc_button_default sc_button_size_normal sc_button_icon_left\"><span class=\"sc_button_text\"><span class=\"sc_button_title\">Demande en ligne<\/span><\/span><!-- \/.sc_button_text --><\/a><!-- \/.sc_button --><\/div><!-- \/.sc_item_button --><div class=\"vc_empty_space\"   style=\"height: 3.2em\"><span class=\"vc_empty_space_inner\"><\/span><\/div><\/div><\/div><\/div><div class=\"wpb_column vc_column_container vc_col-sm-4 sc_layouts_column_icons_position_left\"><div class=\"vc_column-inner\"><div class=\"wpb_wrapper\">\n\t<div  class=\"wpb_single_image wpb_content_element vc_align_center wpb_content_element\">\n\t\t\n\t\t<figure class=\"wpb_wrapper vc_figure\">\n\t\t\t<div class=\"vc_single_image-wrapper   vc_box_border_grey\"><img loading=\"lazy\" decoding=\"async\" width=\"370\" height=\"503\" src=\"https:\/\/pretadvance.com\/wp-content\/uploads\/2017\/01\/img_abt1.jpg\" class=\"vc_single_image-img attachment-full\" alt=\"\" title=\"img_abt1\" srcset=\"https:\/\/pretadvance.com\/wp-content\/uploads\/2017\/01\/img_abt1.jpg 370w, https:\/\/pretadvance.com\/wp-content\/uploads\/2017\/01\/img_abt1-221x300.jpg 221w\" sizes=\"auto, (max-width: 370px) 100vw, 370px\" \/><\/div>\n\t\t<\/figure>\n\t<\/div>\n<div class=\"vc_empty_space\"   style=\"height: 3.2em\"><span class=\"vc_empty_space_inner\"><\/span><\/div><\/div><\/div><\/div><\/div><div class=\"vc_row wpb_row vc_row-fluid\"><div class=\"wpb_column vc_column_container vc_col-sm-12 sc_layouts_column_icons_position_left\"><div class=\"vc_column-inner\"><div class=\"wpb_wrapper\"><div class=\"vc_empty_space  height_big hide_on_mobile\"   style=\"height: 2em\"><span class=\"vc_empty_space_inner\"><\/span><\/div><div class=\"vc_empty_space\"   style=\"height: 3.2em\"><span class=\"vc_empty_space_inner\"><\/span><\/div><h1 style=\"text-align: left\" class=\"vc_custom_heading vc_do_custom_heading vc_custom_1486380594212 translation-block\" ><b>Appliquer<\/b> est simple et rapide<\/h1><div class=\"vc_empty_space\"   style=\"height: 2.8em\"><span class=\"vc_empty_space_inner\"><\/span><\/div><\/div><\/div><\/div><\/div><div class=\"vc_row wpb_row vc_row-fluid mobile_bg_off vc_custom_1669080096128 vc_row-has-fill\"><div class=\"wpb_column vc_column_container vc_col-sm-6 sc_layouts_column_icons_position_left\"><div class=\"vc_column-inner\"><div class=\"wpb_wrapper\">\n\t<div class=\"wpb_text_column wpb_content_element vc_custom_1675644879521 list_margin_off_mobile\" >\n\t\t<div class=\"wpb_wrapper\">\n\t\t\t<ul class=\"trx_addons_list trx_addons_list_success\">\n<li>Postulez en ligne en quelques minutes<\/li>\n<li>Soyez pr\u00e9-qualifi\u00e9 instantan\u00e9ment<\/li>\n<\/ul>\n\n\t\t<\/div>\n\t<\/div>\n<div class=\"vc_empty_space  height_big hide_on_mobile\"   style=\"height: 32px\"><span class=\"vc_empty_space_inner\"><\/span><\/div><div class=\"vc_empty_space\"   style=\"height: 2.85em\"><span class=\"vc_empty_space_inner\"><\/span><\/div><\/div><\/div><\/div><div class=\"wpb_column vc_column_container vc_col-sm-6 sc_layouts_column_icons_position_left\"><div class=\"vc_column-inner\"><div class=\"wpb_wrapper\">\n\t<div class=\"wpb_text_column wpb_content_element vc_custom_1675644916044 list_margin_off_mobile\" >\n\t\t<div class=\"wpb_wrapper\">\n\t\t\t<ul class=\"trx_addons_list trx_addons_list_success\">\n<li>Obtenez vos fonds dans les 48 heures suivant l'approbation<\/li>\n<li>Maintenant, vous \u00eates pr\u00eat \u00e0 faire passer vos finances au niveau sup\u00e9rieur !<\/li>\n<\/ul>\n\n\t\t<\/div>\n\t<\/div>\n<div class=\"vc_empty_space  height_big hide_on_mobile\"   style=\"height: 32px\"><span class=\"vc_empty_space_inner\"><\/span><\/div><div class=\"vc_empty_space\"   style=\"height: 2.85em\"><span class=\"vc_empty_space_inner\"><\/span><\/div><\/div><\/div><\/div><\/div><div data-vc-full-width=\"true\" data-vc-full-width-temp=\"true\" data-vc-full-width-init=\"false\" class=\"vc_row wpb_row vc_row-fluid vc_custom_1486379110624 vc_row-has-fill\"><div class=\"wpb_column vc_column_container vc_col-sm-8 sc_layouts_column_icons_position_left\"><div class=\"vc_column-inner\"><div class=\"wpb_wrapper\"><div class=\"vc_empty_space  height_big hide_on_mobile\"   style=\"height: 2em\"><span class=\"vc_empty_space_inner\"><\/span><\/div><div class=\"vc_empty_space\"   style=\"height: 3.35em\"><span class=\"vc_empty_space_inner\"><\/span><\/div><h2 style=\"font-size: 65px;color: #ffffff;line-height: 1.1em;text-align: left\" class=\"vc_custom_heading vc_do_custom_heading vc_custom_1486379421261\" >Pr\u00eat \u00e0 commencer ?<\/h2><div class=\"vc_empty_space  height_medium hide_on_mobile\"   style=\"height: 2em\"><span class=\"vc_empty_space_inner\"><\/span><\/div><div class=\"vc_empty_space\"   style=\"height: 0.7em\"><span class=\"vc_empty_space_inner\"><\/span><\/div>\n\t<div class=\"wpb_text_column wpb_content_element scheme_dark\" >\n\t\t<div class=\"wpb_wrapper\">\n\t\t\t<p><big>Ne laissez pas les contraintes financi\u00e8res vous emp\u00eacher d'atteindre vos objectifs. Faites une demande de pr\u00eat maintenant et faites le premier pas vers un avenir financier meilleur.<\/big><\/p>\n\n\t\t<\/div>\n\t<\/div>\n<div class=\"vc_empty_space\"   style=\"height: 0.9em\"><span class=\"vc_empty_space_inner\"><\/span><\/div><div class=\"sc_item_button sc_button_wrap\"><a href=\"https:\/\/pretadvance.com\/fr\/demande-de-pret\/\" id=\"sc_button_92672973\" class=\"sc_button sc_button_default3 sc_button_size_normal sc_button_icon_left\"><span class=\"sc_button_text\"><span class=\"sc_button_title\">Appliquer maintenant<\/span><\/span><!-- \/.sc_button_text --><\/a><!-- \/.sc_button --><\/div><!-- \/.sc_item_button --><div class=\"vc_empty_space  height_large hide_on_mobile\"   style=\"height: 2em\"><span class=\"vc_empty_space_inner\"><\/span><\/div><div class=\"vc_empty_space\"   style=\"height: 1.7em\"><span class=\"vc_empty_space_inner\"><\/span><\/div><\/div><\/div><\/div><div class=\"wpb_column vc_column_container vc_col-sm-4 sc_layouts_column_icons_position_left\"><div class=\"vc_column-inner\"><div class=\"wpb_wrapper\"><\/div><\/div><\/div><\/div><div class=\"vc_row-full-width vc_clearfix\"><\/div>\n<\/div>","protected":false},"excerpt":{"rendered":"Business LoanSmall Business LoansFor a Daily Expenses Running a business requires funding and growth, but finding the right loan can be challenging. That's where we come in. Pret Advance is dedicated to providing the financing solutions you need to take your business to the next&hellip;","protected":false},"author":1,"featured_media":0,"parent":0,"menu_order":0,"comment_status":"closed","ping_status":"closed","template":"","meta":{"_monsterinsights_skip_tracking":false,"_monsterinsights_sitenote_active":false,"_monsterinsights_sitenote_note":"","_monsterinsights_sitenote_category":0,"footnotes":""},"class_list":["post-261","page","type-page","status-publish","hentry"],"aioseo_notices":[],"_links":{"self":[{"href":"https:\/\/pretadvance.com\/fr\/wp-json\/wp\/v2\/pages\/261","targetHints":{"allow":["GET"]}}],"collection":[{"href":"https:\/\/pretadvance.com\/fr\/wp-json\/wp\/v2\/pages"}],"about":[{"href":"https:\/\/pretadvance.com\/fr\/wp-json\/wp\/v2\/types\/page"}],"author":[{"embeddable":true,"href":"https:\/\/pretadvance.com\/fr\/wp-json\/wp\/v2\/users\/1"}],"replies":[{"embeddable":true,"href":"https:\/\/pretadvance.com\/fr\/wp-json\/wp\/v2\/comments?post=261"}],"version-history":[{"count":2,"href":"https:\/\/pretadvance.com\/fr\/wp-json\/wp\/v2\/pages\/261\/revisions"}],"predecessor-version":[{"id":1316,"href":"https:\/\/pretadvance.com\/fr\/wp-json\/wp\/v2\/pages\/261\/revisions\/1316"}],"wp:attachment":[{"href":"https:\/\/pretadvance.com\/fr\/wp-json\/wp\/v2\/media?parent=261"}],"curies":[{"name":"wp","href":"https:\/\/api.w.org\/{rel}","templated":true}]}}