{"id":276,"date":"2017-01-13T10:14:35","date_gmt":"2017-01-13T10:14:35","guid":{"rendered":"http:\/\/pretadvance.com\/?page_id=276"},"modified":"2023-02-06T14:10:12","modified_gmt":"2023-02-06T19:10:12","slug":"home-fullwide","status":"publish","type":"page","link":"https:\/\/pretadvance.com\/fr\/","title":{"rendered":"Pret Advance"},"content":{"rendered":"<div class=\"wpb-content-wrapper\"><div data-vc-full-width=\"true\" data-vc-full-width-temp=\"true\" data-vc-full-width-init=\"false\" class=\"vc_row wpb_row vc_row-fluid mobile_bg_off vc_custom_1669079273241 vc_row-has-fill\"><div class=\"wpb_column vc_column_container vc_col-sm-12 sc_layouts_column_icons_position_left\"><div class=\"vc_column-inner\"><div class=\"wpb_wrapper\"><div id=\"sc_content_838298547\"\n\t\tclass=\"sc_content sc_content_default sc_float_center sc_content_width_1_1\"><div class=\"sc_content_container\"><div class=\"vc_row wpb_row vc_inner vc_row-fluid\"><div class=\"remove_margin_mobile wpb_column vc_column_container vc_col-sm-8 sc_layouts_column_icons_position_left\"><div class=\"vc_column-inner vc_custom_1488273829990\"><div class=\"wpb_wrapper\"><div class=\"vc_empty_space  height_big hide_on_mobile\"   style=\"height: 32px\"><span class=\"vc_empty_space_inner\"><\/span><\/div><div class=\"vc_empty_space\"   style=\"height: 2em\"><span class=\"vc_empty_space_inner\"><\/span><\/div><div class=\"vc_empty_space\"   style=\"height: 1.5em\"><span class=\"vc_empty_space_inner\"><\/span><\/div><h6 style=\"font-size: 12px;color: #f20000;line-height: 0.8em;text-align: left\" class=\"vc_custom_heading vc_do_custom_heading vc_custom_1669056441071\" >Pr\u00eat pour entreprise<\/h6><div class=\"vc_empty_space\"   style=\"height: 2.15em\"><span class=\"vc_empty_space_inner\"><\/span><\/div><h1 style=\"text-align: left\" class=\"vc_custom_heading vc_do_custom_heading vc_custom_1486380658628 translation-block\" ><b>Pr\u00eats<\/b> aux petites entreprises,<\/h1><h1 style=\"text-align: left\" class=\"vc_custom_heading vc_do_custom_heading vc_custom_1486380668851\" >pour de la flexibilit\u00e9 quotidienne<\/h1><div class=\"vc_empty_space\"   style=\"height: 2.2em\"><span class=\"vc_empty_space_inner\"><\/span><\/div>\n\t<div class=\"wpb_text_column wpb_content_element\" >\n\t\t<div class=\"wpb_wrapper\">\n\t\t\t<p>Diriger une entreprise n\u00e9cessite du financement et de la croissance, mais trouver le bon pr\u00eat peut \u00eatre difficile. C'est l\u00e0 que nous intervenons. Pret Advance se consacre \u00e0 fournir les solutions de financement dont vous avez besoin pour faire passer votre entreprise au niveau sup\u00e9rieur. Avec des processus de demande simples et rapides, des conditions de remboursement flexibles et des taux d'int\u00e9r\u00eat comp\u00e9titifs, nous vous simplifions l'acc\u00e8s aux fonds dont votre entreprise a besoin pour r\u00e9ussir. Que vous cherchiez \u00e0 vous agrandir, \u00e0 moderniser votre \u00e9quipement ou simplement \u00e0 avoir un filet de s\u00e9curit\u00e9, nous avons les solutions dont vous avez besoin. Postulez maintenant et laissez-nous vous aider \u00e0 atteindre vos objectifs commerciaux !<\/p>\n\n\t\t<\/div>\n\t<\/div>\n<div class=\"vc_empty_space  hide_on_mobile\"   style=\"height: 1.5em\"><span class=\"vc_empty_space_inner\"><\/span><\/div><div class=\"vc_empty_space\"   style=\"height: 2em\"><span class=\"vc_empty_space_inner\"><\/span><\/div><div class=\"sc_item_button sc_button_wrap\"><a href=\"https:\/\/pretadvance.com\/fr\/pret-pour-entreprise\/\" id=\"sc_button_1739037651\" class=\"sc_button sc_button_default sc_button_size_normal sc_button_icon_left\"><span class=\"sc_button_text\"><span class=\"sc_button_title\">Voir plus<\/span><\/span><!-- \/.sc_button_text --><\/a><!-- \/.sc_button --><\/div><!-- \/.sc_item_button --><div class=\"vc_empty_space\"   style=\"height: 4em\"><span class=\"vc_empty_space_inner\"><\/span><\/div><\/div><\/div><\/div><div class=\"wpb_column vc_column_container vc_col-sm-4 sc_layouts_column_icons_position_left\"><div class=\"vc_column-inner\"><div class=\"wpb_wrapper\"><div class=\"vc_empty_space  height_big hide_on_mobile\"   style=\"height: 32px\"><span class=\"vc_empty_space_inner\"><\/span><\/div><div class=\"vc_empty_space\"   style=\"height: 2em\"><span class=\"vc_empty_space_inner\"><\/span><\/div>\n\t<div  class=\"wpb_single_image wpb_content_element vc_align_center wpb_content_element\">\n\t\t\n\t\t<figure class=\"wpb_wrapper vc_figure\">\n\t\t\t<div class=\"vc_single_image-wrapper   vc_box_border_grey\"><img loading=\"lazy\" decoding=\"async\" width=\"370\" height=\"503\" src=\"https:\/\/pretadvance.com\/wp-content\/uploads\/2017\/01\/img_abt1.jpg\" class=\"vc_single_image-img attachment-full\" alt=\"\" title=\"img_abt1\" srcset=\"https:\/\/pretadvance.com\/wp-content\/uploads\/2017\/01\/img_abt1.jpg 370w, https:\/\/pretadvance.com\/wp-content\/uploads\/2017\/01\/img_abt1-221x300.jpg 221w\" sizes=\"auto, (max-width: 370px) 100vw, 370px\" \/><\/div>\n\t\t<\/figure>\n\t<\/div>\n<div class=\"vc_empty_space\"   style=\"height: 4em\"><span class=\"vc_empty_space_inner\"><\/span><\/div><\/div><\/div><\/div><\/div><\/div><\/div><!-- \/.sc_content --><\/div><\/div><\/div><\/div><div class=\"vc_row-full-width vc_clearfix\"><\/div><div data-vc-full-width=\"true\" data-vc-full-width-temp=\"true\" data-vc-full-width-init=\"false\" class=\"vc_row wpb_row vc_row-fluid mobile_bg_off vc_custom_1669079261354 vc_row-has-fill\"><div class=\"wpb_column vc_column_container vc_col-sm-12 sc_layouts_column_icons_position_left\"><div class=\"vc_column-inner\"><div class=\"wpb_wrapper\"><div id=\"sc_content_1610084282\"\n\t\tclass=\"sc_content sc_content_default sc_float_center sc_content_width_1_1\"><div class=\"sc_content_container\"><div class=\"vc_row wpb_row vc_inner vc_row-fluid\"><div class=\"wpb_column vc_column_container vc_col-sm-4 sc_layouts_column_icons_position_left\"><div class=\"vc_column-inner\"><div class=\"wpb_wrapper\"><div class=\"vc_empty_space\"   style=\"height: 4.1em\"><span class=\"vc_empty_space_inner\"><\/span><\/div>\n\t<div  class=\"wpb_single_image wpb_content_element vc_align_center wpb_content_element\">\n\t\t\n\t\t<figure class=\"wpb_wrapper vc_figure\">\n\t\t\t<div class=\"vc_single_image-wrapper   vc_box_border_grey\"><img loading=\"lazy\" decoding=\"async\" width=\"370\" height=\"552\" src=\"https:\/\/pretadvance.com\/wp-content\/uploads\/2017\/01\/img_abt2.jpg\" class=\"vc_single_image-img attachment-full\" alt=\"\" title=\"img_abt2\" srcset=\"https:\/\/pretadvance.com\/wp-content\/uploads\/2017\/01\/img_abt2.jpg 370w, https:\/\/pretadvance.com\/wp-content\/uploads\/2017\/01\/img_abt2-201x300.jpg 201w\" sizes=\"auto, (max-width: 370px) 100vw, 370px\" \/><\/div>\n\t\t<\/figure>\n\t<\/div>\n<\/div><\/div><\/div><div class=\"remove_margin_mobile wpb_column vc_column_container vc_col-sm-8 sc_layouts_column_icons_position_left\"><div class=\"vc_column-inner vc_custom_1486051029573\"><div class=\"wpb_wrapper\"><div class=\"vc_empty_space\"   style=\"height: 4.1em\"><span class=\"vc_empty_space_inner\"><\/span><\/div><div class=\"vc_empty_space\"   style=\"height: 1.45em\"><span class=\"vc_empty_space_inner\"><\/span><\/div><h6 style=\"font-size: 12px;color: #f20000;line-height: 0.8em;text-align: left\" class=\"vc_custom_heading vc_do_custom_heading vc_custom_1669056457630\" >Pr\u00eat personnel<\/h6><div class=\"vc_empty_space\"   style=\"height: 2.15em\"><span class=\"vc_empty_space_inner\"><\/span><\/div><h1 style=\"text-align: left\" class=\"vc_custom_heading vc_do_custom_heading vc_custom_1669056186283\" >Le <b><b>pr\u00eat personnel<\/b><\/b><\/h1><div class=\"vc_empty_space\"   style=\"height: 0.3em\"><span class=\"vc_empty_space_inner\"><\/span><\/div><h1 style=\"text-align: left\" class=\"vc_custom_heading vc_do_custom_heading vc_custom_1486380910594\" >est-il fait pour vous ?<\/h1><div class=\"vc_empty_space\"   style=\"height: 2.75em\"><span class=\"vc_empty_space_inner\"><\/span><\/div>\n\t<div class=\"wpb_text_column wpb_content_element\" >\n\t\t<div class=\"wpb_wrapper\">\n\t\t\t<p>Avez-vous besoin de fonds suppl\u00e9mentaires pour couvrir des d\u00e9penses impr\u00e9vues ou r\u00e9aliser vos r\u00eaves ? Cherchez pas plus loin! Nous proposons une solution rapide, simple et s\u00e9curis\u00e9e pour obtenir le soutien financier dont vous avez besoin. Avec des taux d'int\u00e9r\u00eat comp\u00e9titifs et des options de remboursement flexibles, nous simplifions la demande de pr\u00eat et recevons vos fonds rapidement. Notre engagement envers votre bien-\u00eatre financier et votre confidentialit\u00e9 est notre priorit\u00e9 absolue. Postulez maintenant et voyez comment nous pouvons vous aider \u00e0 atteindre vos objectifs avec un pr\u00eat personnel.<\/p>\n\n\t\t<\/div>\n\t<\/div>\n<div class=\"vc_empty_space\"   style=\"height: 2em\"><span class=\"vc_empty_space_inner\"><\/span><\/div>\n\t<div class=\"wpb_text_column wpb_content_element\" >\n\t\t<div class=\"wpb_wrapper\">\n\t\t\t\n\t\t<\/div>\n\t<\/div>\n<div class=\"vc_empty_space  hide_on_mobile\"   style=\"height: 2em\"><span class=\"vc_empty_space_inner\"><\/span><\/div><div class=\"vc_empty_space\"   style=\"height: 1.5em\"><span class=\"vc_empty_space_inner\"><\/span><\/div><div class=\"sc_item_button sc_button_wrap\"><a href=\"https:\/\/pretadvance.com\/fr\/pret-personnel\/\" id=\"sc_button_1242085964\" class=\"sc_button sc_button_default sc_button_size_normal sc_button_icon_left\"><span class=\"sc_button_text\"><span class=\"sc_button_title\">Voir plus<\/span><\/span><!-- \/.sc_button_text --><\/a><!-- \/.sc_button --><\/div><!-- \/.sc_item_button --><div class=\"vc_empty_space  height_big\"   style=\"height: 2em\"><span class=\"vc_empty_space_inner\"><\/span><\/div><\/div><\/div><\/div><\/div><\/div><\/div><!-- \/.sc_content --><\/div><\/div><\/div><\/div><div class=\"vc_row-full-width vc_clearfix\"><\/div><div class=\"vc_row wpb_row vc_row-fluid\"><div class=\"wpb_column vc_column_container vc_col-sm-12 sc_layouts_column_icons_position_left\"><div class=\"vc_column-inner\"><div class=\"wpb_wrapper\"><div class=\"vc_empty_space  height_medium\"   style=\"height: 3.45em\"><span class=\"vc_empty_space_inner\"><\/span><\/div><\/div><\/div><\/div><\/div><div data-vc-full-width=\"true\" data-vc-full-width-temp=\"true\" data-vc-full-width-init=\"false\" data-vc-stretch-content=\"true\" class=\"vc_row wpb_row vc_row-fluid mobile_bg_off vc_custom_1488379323458 vc_row-has-fill vc_row-no-padding\"><div class=\"wpb_column vc_column_container vc_col-sm-12 sc_layouts_column_icons_position_left\"><div class=\"vc_column-inner\"><div class=\"wpb_wrapper\"><div class=\"vc_empty_space  height_big hide_on_mobile\"   style=\"height: 32px\"><span class=\"vc_empty_space_inner\"><\/span><\/div><div class=\"vc_empty_space\"   style=\"height: 2em\"><span class=\"vc_empty_space_inner\"><\/span><\/div><div id=\"sc_content_16824242\"\n\t\tclass=\"sc_content sc_content_default sc_float_center sc_content_width_1_1\"><div class=\"sc_content_container\"><div class=\"vc_row wpb_row vc_inner vc_row-fluid vc_custom_1669045656675 vc_row-has-fill\"><div class=\"service_padding_off wpb_column vc_column_container vc_col-sm-3 sc_layouts_column_icons_position_left\"><div class=\"vc_column-inner vc_custom_1485957177742\"><div class=\"wpb_wrapper\"><div class=\"vc_empty_space\"   style=\"height: 3em\"><span class=\"vc_empty_space_inner\"><\/span><\/div><h6 style=\"font-size: 12px;color: #ffffff;text-align: left\" class=\"vc_custom_heading vc_do_custom_heading vc_custom_1485869971748\" >nos avantages<\/h6><div class=\"vc_empty_space  height_big hide_on_mobile\"   style=\"height: 1em\"><span class=\"vc_empty_space_inner\"><\/span><\/div><div class=\"vc_empty_space  hide_on_mobile\"   style=\"height: 1.5em\"><span class=\"vc_empty_space_inner\"><\/span><\/div><h2 style=\"color: #ffffff;line-height: 1em;text-align: left\" class=\"vc_custom_heading vc_do_custom_heading vc_custom_1485957764467\" >Rapide<\/h2><h2 style=\"color: #ffffff;line-height: 1em;text-align: left\" class=\"vc_custom_heading vc_do_custom_heading vc_custom_1485957773529\" >Simple<\/h2><h2 style=\"color: #ffffff;line-height: 1em;text-align: left\" class=\"vc_custom_heading vc_do_custom_heading vc_custom_1485957783377\" >Flexible<\/h2><div class=\"vc_empty_space\"   style=\"height: 1em\"><span class=\"vc_empty_space_inner\"><\/span><\/div><\/div><\/div><\/div><div class=\"wpb_column vc_column_container vc_col-sm-9 sc_layouts_column_icons_position_left\"><div class=\"vc_column-inner\"><div class=\"wpb_wrapper\"><div class=\"vc_empty_space\"   style=\"height: 3.6em\"><span class=\"vc_empty_space_inner\"><\/span><\/div><div class=\"sc_services sc_services_default\" data-slides-per-view=\"3\" data-slides-min-width=\"200\"\t\t>\n\t\t<div class=\"sc_services_columns sc_item_columns sc_item_columns_3 trx_addons_columns_wrap columns_padding_bottom no_margin\"><div class=\"trx_addons_column-1_3\"><div class=\"sc_services_item with_content with_image sc_services_item_featured_top\">\n\t<div class=\"post_featured with_thumb hover_dots sc_services_item_thumb\"><img loading=\"lazy\" decoding=\"async\" width=\"72\" height=\"70\" src=\"https:\/\/pretadvance.com\/wp-content\/uploads\/2017\/01\/service_1.jpg\" class=\"attachment-quickcash-thumb-med size-quickcash-thumb-med wp-post-image\" alt=\"Des taux plus bas\" \/><div class=\"mask\"><\/div><a href=\"https:\/\/pretadvance.com\/fr\/services\/lower-rates\/\" aria-hidden=\"true\" class=\"icons\"><span><\/span><span><\/span><span><\/span><\/a><\/div>\t\n\t<div class=\"sc_services_item_info\">\n\t\t<div class=\"sc_services_item_header\">\n\t\t\t<h4 class=\"sc_services_item_title\">Des taux plus bas<\/h4>\n\t\t\t<div class=\"sc_services_item_subtitle\"><a href=\"https:\/\/pretadvance.com\/fr\/services_group\/features\/\" title=\"View all posts in Features\">Features<\/a><\/div>\n\t\t<\/div>\n\t\t\t\t\t<div class=\"sc_services_item_content\"><\/div>\n\t\t\t<div class=\"sc_services_item_button sc_item_button\"><a href=\"https:\/\/pretadvance.com\/fr\/services\/lower-rates\/\" class=\"sc_button sc_button_simple\">Learn more<\/a><\/div>\n\t\t\t<\/div>\n<\/div>\n<\/div><div class=\"trx_addons_column-1_3\"><div class=\"sc_services_item with_content with_image sc_services_item_featured_top\">\n\t<div class=\"post_featured with_thumb hover_dots sc_services_item_thumb\"><img loading=\"lazy\" decoding=\"async\" width=\"72\" height=\"70\" src=\"https:\/\/pretadvance.com\/wp-content\/uploads\/2017\/01\/service_2.jpg\" class=\"attachment-quickcash-thumb-med size-quickcash-thumb-med wp-post-image\" alt=\"Rapide et facile\" \/><div class=\"mask\"><\/div><a href=\"https:\/\/pretadvance.com\/fr\/services\/quick-and-easy\/\" aria-hidden=\"true\" class=\"icons\"><span><\/span><span><\/span><span><\/span><\/a><\/div>\t\n\t<div class=\"sc_services_item_info\">\n\t\t<div class=\"sc_services_item_header\">\n\t\t\t<h4 class=\"sc_services_item_title\">Rapide et facile<\/h4>\n\t\t\t<div class=\"sc_services_item_subtitle\"><a href=\"https:\/\/pretadvance.com\/fr\/services_group\/features\/\" title=\"View all posts in Features\">Features<\/a><\/div>\n\t\t<\/div>\n\t\t\t\t\t<div class=\"sc_services_item_content\"><\/div>\n\t\t\t<div class=\"sc_services_item_button sc_item_button\"><a href=\"https:\/\/pretadvance.com\/fr\/services\/quick-and-easy\/\" class=\"sc_button sc_button_simple\">Learn more<\/a><\/div>\n\t\t\t<\/div>\n<\/div>\n<\/div><div class=\"trx_addons_column-1_3\"><div class=\"sc_services_item with_content with_image sc_services_item_featured_top\">\n\t<div class=\"post_featured with_thumb hover_dots sc_services_item_thumb\"><img loading=\"lazy\" decoding=\"async\" width=\"72\" height=\"70\" src=\"https:\/\/pretadvance.com\/wp-content\/uploads\/2017\/01\/service_3.jpg\" class=\"attachment-quickcash-thumb-med size-quickcash-thumb-med wp-post-image\" alt=\"Aucune p\u00e9nalit\u00e9 de paiement\" \/><div class=\"mask\"><\/div><a href=\"https:\/\/pretadvance.com\/fr\/services\/no-payment-penalty\/\" aria-hidden=\"true\" class=\"icons\"><span><\/span><span><\/span><span><\/span><\/a><\/div>\t\n\t<div class=\"sc_services_item_info\">\n\t\t<div class=\"sc_services_item_header\">\n\t\t\t<h4 class=\"sc_services_item_title\">Aucune p\u00e9nalit\u00e9 de paiement<\/h4>\n\t\t\t<div class=\"sc_services_item_subtitle\"><a href=\"https:\/\/pretadvance.com\/fr\/services_group\/features\/\" title=\"View all posts in Features\">Features<\/a><\/div>\n\t\t<\/div>\n\t\t\t\t\t<div class=\"sc_services_item_content\"><\/div>\n\t\t\t<div class=\"sc_services_item_button sc_item_button\"><a href=\"https:\/\/pretadvance.com\/fr\/services\/no-payment-penalty\/\" class=\"sc_button sc_button_simple\">Learn more<\/a><\/div>\n\t\t\t<\/div>\n<\/div>\n<\/div><div class=\"trx_addons_column-1_3\"><div class=\"sc_services_item with_content with_image sc_services_item_featured_top\">\n\t<div class=\"post_featured with_thumb hover_dots sc_services_item_thumb\"><img loading=\"lazy\" decoding=\"async\" width=\"72\" height=\"70\" src=\"https:\/\/pretadvance.com\/wp-content\/uploads\/2017\/01\/service_6.jpg\" class=\"attachment-quickcash-thumb-med size-quickcash-thumb-med wp-post-image\" alt=\"Processus s\u00e9curis\u00e9\" \/><div class=\"mask\"><\/div><a href=\"https:\/\/pretadvance.com\/fr\/services\/secure-process\/\" aria-hidden=\"true\" class=\"icons\"><span><\/span><span><\/span><span><\/span><\/a><\/div>\t\n\t<div class=\"sc_services_item_info\">\n\t\t<div class=\"sc_services_item_header\">\n\t\t\t<h4 class=\"sc_services_item_title\">Processus s\u00e9curis\u00e9<\/h4>\n\t\t\t<div class=\"sc_services_item_subtitle\"><a href=\"https:\/\/pretadvance.com\/fr\/services_group\/features\/\" title=\"View all posts in Features\">Features<\/a><\/div>\n\t\t<\/div>\n\t\t\t\t\t<div class=\"sc_services_item_content\"><\/div>\n\t\t\t<div class=\"sc_services_item_button sc_item_button\"><a href=\"https:\/\/pretadvance.com\/fr\/services\/secure-process\/\" class=\"sc_button sc_button_simple\">Learn more<\/a><\/div>\n\t\t\t<\/div>\n<\/div>\n<\/div><div class=\"trx_addons_column-1_3\"><div class=\"sc_services_item with_content with_image sc_services_item_featured_top\">\n\t<div class=\"post_featured with_thumb hover_dots sc_services_item_thumb\"><img loading=\"lazy\" decoding=\"async\" width=\"72\" height=\"70\" src=\"https:\/\/pretadvance.com\/wp-content\/uploads\/2017\/01\/service_5.jpg\" class=\"attachment-quickcash-thumb-med size-quickcash-thumb-med wp-post-image\" alt=\"Application en 5 minutes\" \/><div class=\"mask\"><\/div><a href=\"https:\/\/pretadvance.com\/fr\/services\/5-minute-application\/\" aria-hidden=\"true\" class=\"icons\"><span><\/span><span><\/span><span><\/span><\/a><\/div>\t\n\t<div class=\"sc_services_item_info\">\n\t\t<div class=\"sc_services_item_header\">\n\t\t\t<h4 class=\"sc_services_item_title\">Application en 5 minutes<\/h4>\n\t\t\t<div class=\"sc_services_item_subtitle\"><a href=\"https:\/\/pretadvance.com\/fr\/services_group\/features\/\" title=\"View all posts in Features\">Features<\/a><\/div>\n\t\t<\/div>\n\t\t\t\t\t<div class=\"sc_services_item_content\"><\/div>\n\t\t\t<div class=\"sc_services_item_button sc_item_button\"><a href=\"https:\/\/pretadvance.com\/fr\/services\/5-minute-application\/\" class=\"sc_button sc_button_simple\">Learn more<\/a><\/div>\n\t\t\t<\/div>\n<\/div>\n<\/div><div class=\"trx_addons_column-1_3\"><div class=\"sc_services_item with_content with_image sc_services_item_featured_top\">\n\t<div class=\"post_featured with_thumb hover_dots sc_services_item_thumb\"><img loading=\"lazy\" decoding=\"async\" width=\"72\" height=\"70\" src=\"https:\/\/pretadvance.com\/wp-content\/uploads\/2017\/01\/service_4.jpg\" class=\"attachment-quickcash-thumb-med size-quickcash-thumb-med wp-post-image\" alt=\"Meilleur taux d&#039;int\u00e9r\u00eat\" \/><div class=\"mask\"><\/div><a href=\"https:\/\/pretadvance.com\/fr\/services\/only-3-interest\/\" aria-hidden=\"true\" class=\"icons\"><span><\/span><span><\/span><span><\/span><\/a><\/div>\t\n\t<div class=\"sc_services_item_info\">\n\t\t<div class=\"sc_services_item_header\">\n\t\t\t<h4 class=\"sc_services_item_title\">Meilleur taux d'int\u00e9r\u00eat<\/h4>\n\t\t\t<div class=\"sc_services_item_subtitle\"><a href=\"https:\/\/pretadvance.com\/fr\/services_group\/features\/\" title=\"View all posts in Features\">Features<\/a><\/div>\n\t\t<\/div>\n\t\t\t\t\t<div class=\"sc_services_item_content\"><\/div>\n\t\t\t<div class=\"sc_services_item_button sc_item_button\"><a href=\"https:\/\/pretadvance.com\/fr\/services\/only-3-interest\/\" class=\"sc_button sc_button_simple\">Learn more<\/a><\/div>\n\t\t\t<\/div>\n<\/div>\n<\/div><\/div><\/div><!-- \/.sc_services --><div class=\"vc_empty_space  height_large hide_on_mobile\"   style=\"height: 3.6em\"><span class=\"vc_empty_space_inner\"><\/span><\/div><div class=\"vc_empty_space\"   style=\"height: 1.35em\"><span class=\"vc_empty_space_inner\"><\/span><\/div><\/div><\/div><\/div><\/div><\/div><\/div><!-- \/.sc_content --><div class=\"vc_empty_space  height_medium\"   style=\"height: 2em\"><span class=\"vc_empty_space_inner\"><\/span><\/div><div class=\"vc_empty_space\"   style=\"height: 2.1em\"><span class=\"vc_empty_space_inner\"><\/span><\/div><\/div><\/div><\/div><\/div><div class=\"vc_row-full-width vc_clearfix\"><\/div><div data-vc-full-width=\"true\" data-vc-full-width-temp=\"true\" data-vc-full-width-init=\"false\" class=\"vc_row wpb_row vc_row-fluid vc_custom_1669079519183 vc_row-has-fill\"><div class=\"wpb_column vc_column_container vc_col-sm-4 sc_layouts_column_icons_position_left\"><div class=\"vc_column-inner\"><div class=\"wpb_wrapper\"><\/div><\/div><\/div><div class=\"wpb_column vc_column_container vc_col-sm-8 sc_layouts_column_icons_position_left\"><div class=\"vc_column-inner\"><div class=\"wpb_wrapper\"><div class=\"vc_empty_space  height_huge hide_on_mobile\"   style=\"height: 32px\"><span class=\"vc_empty_space_inner\"><\/span><\/div><div class=\"vc_empty_space\"   style=\"height: 3.1em\"><span class=\"vc_empty_space_inner\"><\/span><\/div><h2 style=\"font-size: 5.3571em;color: #ffffff;line-height: 0.98em;text-align: left\" class=\"vc_custom_heading vc_do_custom_heading vc_custom_1486655823982\" >Obtenez un pr\u00eat<\/h2><h2 style=\"font-size: 5.3571em;color: #ffffff;text-align: left\" class=\"vc_custom_heading vc_do_custom_heading vc_custom_1486655367395\" >aujourd'hui!<\/h2><div class=\"vc_empty_space\"   style=\"height: 3.35em\"><span class=\"vc_empty_space_inner\"><\/span><\/div><h5 style=\"font-size: 2.2857em;color: #ffffff;line-height: 1.3em;text-align: left\" class=\"vc_custom_heading vc_do_custom_heading vc_custom_1486655998508\" >Aucun frais ni obligation de retirer des fonds.<\/h5><h5 style=\"font-size: 2.2857em;color: #ffffff;text-align: left\" class=\"vc_custom_heading vc_do_custom_heading vc_custom_1486656177937\" >Ne prenez que ce dont vous avez besoin.<\/h5><div class=\"vc_empty_space\"   style=\"height: 3em\"><span class=\"vc_empty_space_inner\"><\/span><\/div><div class=\"sc_item_button sc_button_wrap\"><a href=\"https:\/\/pretadvance.com\/fr\/demande-de-pret\/\" id=\"sc_button_394613025\" class=\"sc_button sc_button_default sc_button_size_normal sc_button_icon_left\"><span class=\"sc_button_text\"><span class=\"sc_button_title\">Appliquer maintenant<\/span><\/span><!-- \/.sc_button_text --><\/a><!-- \/.sc_button --><\/div><!-- \/.sc_item_button --><div class=\"vc_empty_space  height_huge hide_on_mobile\"   style=\"height: 32px\"><span class=\"vc_empty_space_inner\"><\/span><\/div><div class=\"vc_empty_space\"   style=\"height: 2.75em\"><span class=\"vc_empty_space_inner\"><\/span><\/div><\/div><\/div><\/div><\/div><div class=\"vc_row-full-width vc_clearfix\"><\/div><div class=\"vc_row wpb_row vc_row-fluid\"><div class=\"wpb_column vc_column_container vc_col-sm-12 sc_layouts_column_icons_position_left\"><div class=\"vc_column-inner\"><div class=\"wpb_wrapper\"><div class=\"vc_empty_space  height_medium hide_on_mobile\"   style=\"height: 32px\"><span class=\"vc_empty_space_inner\"><\/span><\/div><div class=\"vc_empty_space\"   style=\"height: 1em\"><span class=\"vc_empty_space_inner\"><\/span><\/div><\/div><\/div><\/div><\/div>\n<\/div>","protected":false},"excerpt":{"rendered":"","protected":false},"author":1,"featured_media":0,"parent":0,"menu_order":0,"comment_status":"closed","ping_status":"closed","template":"","meta":{"_monsterinsights_skip_tracking":false,"_monsterinsights_sitenote_active":false,"_monsterinsights_sitenote_note":"","_monsterinsights_sitenote_category":0,"footnotes":""},"class_list":["post-276","page","type-page","status-publish","hentry"],"aioseo_notices":[],"_links":{"self":[{"href":"https:\/\/pretadvance.com\/fr\/wp-json\/wp\/v2\/pages\/276","targetHints":{"allow":["GET"]}}],"collection":[{"href":"https:\/\/pretadvance.com\/fr\/wp-json\/wp\/v2\/pages"}],"about":[{"href":"https:\/\/pretadvance.com\/fr\/wp-json\/wp\/v2\/types\/page"}],"author":[{"embeddable":true,"href":"https:\/\/pretadvance.com\/fr\/wp-json\/wp\/v2\/users\/1"}],"replies":[{"embeddable":true,"href":"https:\/\/pretadvance.com\/fr\/wp-json\/wp\/v2\/comments?post=276"}],"version-history":[{"count":0,"href":"https:\/\/pretadvance.com\/fr\/wp-json\/wp\/v2\/pages\/276\/revisions"}],"wp:attachment":[{"href":"https:\/\/pretadvance.com\/fr\/wp-json\/wp\/v2\/media?parent=276"}],"curies":[{"name":"wp","href":"https:\/\/api.w.org\/{rel}","templated":true}]}}